{"id":374,"date":"2025-06-11T10:37:31","date_gmt":"2025-06-11T08:37:31","guid":{"rendered":"https:\/\/peix.burriana.es\/?page_id=374"},"modified":"2025-06-11T10:38:08","modified_gmt":"2025-06-11T08:38:08","slug":"campana-marketing-2025","status":"publish","type":"page","link":"http:\/\/peix.burriana.es\/index.php\/campana-marketing-2025\/","title":{"rendered":"Campa\u00f1a Marketing 2025"},"content":{"rendered":"<div id=\"pl-374\"  class=\"panel-layout\" ><div id=\"pg-374-0\"  class=\"panel-grid panel-no-style\" ><div id=\"pgc-374-0-0\"  class=\"panel-grid-cell\" ><div id=\"panel-374-0-0-0\" class=\"so-panel widget widget_sow-editor panel-first-child panel-last-child\" data-index=\"0\" ><div\n\t\t\t\n\t\t\tclass=\"so-widget-sow-editor so-widget-sow-editor-base\"\n\t\t\t\n\t\t>\n<div class=\"siteorigin-widget-tinymce textwidget\">\n\t<p align=\"left\"><span style=\"font-family: Helvetica Neue, serif;\"><span style=\"font-size: small;\"><span style=\"font-family: Times New Roman, serif;\"><span style=\"font-size: medium;\"><span lang=\"es-ES-u-co-trad\"><b>\"El pescado de Burriana no es para cualquiera. T<\/b><\/span><\/span><\/span><span style=\"font-family: Times New Roman, serif;\"><span style=\"font-size: medium;\"><b>\u00fa <\/b><\/span><\/span><span style=\"font-family: Times New Roman, serif;\"><span style=\"font-size: medium;\"><span lang=\"es-ES-u-co-trad\"><b>eres uno de los elegidos.\"<\/b><\/span><\/span><\/span><\/span><\/span><\/p>\n<p align=\"left\"><span style=\"font-family: Helvetica Neue, serif;\"><span style=\"font-size: small;\"><span style=\"font-family: Times New Roman, serif;\"><span style=\"font-size: medium;\"><span lang=\"es-ES-u-co-trad\"><b>Objetivo de la campa\u00f1<\/b><\/span><\/span><\/span><span style=\"font-family: Times New Roman, serif;\"><span style=\"font-size: medium;\"><b>a:<\/b><\/span><\/span><\/span><\/span><\/p>\n<p align=\"left\"><span style=\"font-family: Helvetica Neue, serif;\"><span style=\"font-size: small;\"><span style=\"font-family: Times New Roman, serif;\"><span style=\"font-size: medium;\"><span lang=\"es-ES-u-co-trad\">Posicionar al pescado de Burriana como un producto exclusivo y de alta calidad, ideal para quienes buscan experiencias gastron\u00f3<\/span><\/span><\/span><span style=\"font-family: Times New Roman, serif;\"><span style=\"font-size: medium;\"><span lang=\"pt-PT\">micas <\/span><\/span><\/span><span style=\"font-family: Times New Roman, serif;\"><span style=\"font-size: medium;\">\u00fa<\/span><\/span><span style=\"font-family: Times New Roman, serif;\"><span style=\"font-size: medium;\"><span lang=\"pt-PT\">nicas. A trav<\/span><\/span><\/span><span style=\"font-family: Times New Roman, serif;\"><span style=\"font-size: medium;\"><span lang=\"fr-FR\">\u00e9<\/span><\/span><\/span><span style=\"font-family: Times New Roman, serif;\"><span style=\"font-size: medium;\"><span lang=\"es-ES-u-co-trad\">s de este enfoque, se busca crear una sensaci\u00f3n de pertenencia a un grupo selecto y privilegiado, invitando a los consumidores a unirse a aquellos que realmente saben disfrutar del mejor pescado del mar. El objetivo es atraer a un p<\/span><\/span><\/span><span style=\"font-family: Times New Roman, serif;\"><span style=\"font-size: medium;\">\u00fa<\/span><\/span><span style=\"font-family: Times New Roman, serif;\"><span style=\"font-size: medium;\"><span lang=\"es-ES-u-co-trad\">blico que valore lo aut<\/span><\/span><\/span><span style=\"font-family: Times New Roman, serif;\"><span style=\"font-size: medium;\"><span lang=\"fr-FR\">\u00e9<\/span><\/span><\/span><span style=\"font-family: Times New Roman, serif;\"><span style=\"font-size: medium;\"><span lang=\"es-ES-u-co-trad\">ntico, lo exclusivo y lo fresco, destacando el pescado local como una experiencia gastron\u00f3mica que no est<\/span><\/span><\/span><span style=\"font-family: Times New Roman, serif;\"><span style=\"font-size: medium;\">\u00e1 <\/span><\/span><span style=\"font-family: Times New Roman, serif;\"><span style=\"font-size: medium;\"><span lang=\"es-ES-u-co-trad\">al alcance de todos, sino de los \u201celegidos\".<\/span><\/span><\/span><\/span><\/span><\/p>\n<p align=\"left\"><span style=\"font-family: Helvetica Neue, serif;\"><span style=\"font-size: small;\"><span style=\"font-family: Times New Roman, serif;\"><span style=\"font-size: medium;\"><span lang=\"es-ES-u-co-trad\"><b>Estrategia de comunicaci\u00f3<\/b><\/span><\/span><\/span><span style=\"font-family: Times New Roman, serif;\"><span style=\"font-size: medium;\"><span lang=\"de-DE\"><b>n:<\/b><\/span><\/span><\/span><\/span><\/span><\/p>\n<p align=\"left\"><span style=\"font-family: Helvetica Neue, serif;\"><span style=\"font-size: small;\"><span style=\"font-family: Times New Roman, serif;\"><span style=\"font-size: medium;\"><span lang=\"it-IT\">La campa<\/span><\/span><\/span><span style=\"font-family: Times New Roman, serif;\"><span style=\"font-size: medium;\"><span lang=\"es-ES-u-co-trad\">\u00f1<\/span><\/span><\/span><span style=\"font-family: Times New Roman, serif;\"><span style=\"font-size: medium;\"><span lang=\"it-IT\">a girar<\/span><\/span><\/span><span style=\"font-family: Times New Roman, serif;\"><span style=\"font-size: medium;\">\u00e1 <\/span><\/span><span style=\"font-family: Times New Roman, serif;\"><span style=\"font-size: medium;\"><span lang=\"es-ES-u-co-trad\">en torno a la exclusividad y la idea de que disfrutar del pescado de Burriana es un privilegio reservado para aquellos que saben apreciarlo. El tono ser<\/span><\/span><\/span><span style=\"font-family: Times New Roman, serif;\"><span style=\"font-size: medium;\">\u00e1 <\/span><\/span><span style=\"font-family: Times New Roman, serif;\"><span style=\"font-size: medium;\"><span lang=\"es-ES-u-co-trad\">sofisticado, pero cercano y accesible, buscando transmitir la idea de que al probar el pescado de Burriana, los consumidores se convierten en parte de un grupo especial. La campa\u00f1a se llevar<\/span><\/span><\/span><span style=\"font-family: Times New Roman, serif;\"><span style=\"font-size: medium;\">\u00e1 <\/span><\/span><span style=\"font-family: Times New Roman, serif;\"><span style=\"font-size: medium;\"><span lang=\"es-ES-u-co-trad\">a cabo a trav<\/span><\/span><\/span><span style=\"font-family: Times New Roman, serif;\"><span style=\"font-size: medium;\"><span lang=\"fr-FR\">\u00e9<\/span><\/span><\/span><span style=\"font-family: Times New Roman, serif;\"><span style=\"font-size: medium;\"><span lang=\"es-ES-u-co-trad\">s de canales digitales, eventos en vivo y activaciones locales.<\/span><\/span><\/span><\/span><\/span><\/p>\n<\/div>\n<\/div><\/div><\/div><\/div><div id=\"pg-374-1\"  class=\"panel-grid panel-has-style\" ><div class=\"siteorigin-panels-stretch panel-row-style panel-row-style-for-374-1\" data-stretch-type=\"full-width-stretch\" ><div id=\"pgc-374-1-0\"  class=\"panel-grid-cell\" ><div id=\"panel-374-1-0-0\" class=\"so-panel widget widget_sow-hero panel-first-child panel-last-child\" data-index=\"1\" ><div\n\t\t\t\n\t\t\tclass=\"so-widget-sow-hero so-widget-sow-hero-default-843a859331d4-374 so-widget-fittext-wrapper\"\n\t\t\t data-fit-text-compressor=\"0.85\"\n\t\t>\t\t\t\t<div class=\"sow-slider-base\" style=\"display: none\" tabindex=\"0\">\n\t\t\t\t\t<ul\n\t\t\t\t\tclass=\"sow-slider-images\"\n\t\t\t\t\tdata-settings=\"{&quot;pagination&quot;:true,&quot;speed&quot;:799,&quot;timeout&quot;:8000,&quot;paused&quot;:false,&quot;pause_on_hover&quot;:true,&quot;swipe&quot;:true,&quot;nav_always_show_desktop&quot;:&quot;&quot;,&quot;nav_always_show_mobile&quot;:&quot;&quot;,&quot;breakpoint&quot;:&quot;780px&quot;,&quot;unmute&quot;:false,&quot;anchor&quot;:null}\"\n\t\t\t\t\tstyle=\"min-height: 860px\"\t\t\t\t\tdata-anchor-id=\"\"\n\t\t\t\t>\t\t<li class=\"sow-slider-image  sow-slider-image-cover\" style=\"visibility: visible;;background-color: #333333\" >\n\t\t\t\t\t<div class=\"sow-slider-image-container\">\n\t\t\t<div class=\"sow-slider-image-wrapper\">\n\t\t\t\t\t\t\t<\/div>\n\t\t<\/div>\n\t\t<div class=\"sow-slider-image-overlay sow-slider-image-cover\" style=\"opacity: 0.4;background-image: url(http:\/\/peix.burriana.es\/wp-content\/uploads\/2025\/06\/1d7e02e6-8a69-49da-a560-11a6a413591d-1024x576.jpg)\"  ><\/div>\t\t<\/li>\n\t\t<\/ul>\t\t\t\t<ol class=\"sow-slider-pagination\">\n\t\t\t\t\t\t\t\t\t\t\t<li><a href=\"#\" data-goto=\"0\" aria-label=\"mostrar diapositiva 1\"><\/a><\/li>\n\t\t\t\t\t\t\t\t\t<\/ol>\n\n\t\t\t\t<div class=\"sow-slide-nav sow-slide-nav-next\">\n\t\t\t\t\t<a href=\"#\" data-goto=\"next\" aria-label=\"diapositiva siguiente\" data-action=\"next\">\n\t\t\t\t\t\t<em class=\"sow-sld-icon-thin-right\"><\/em>\n\t\t\t\t\t<\/a>\n\t\t\t\t<\/div>\n\n\t\t\t\t<div class=\"sow-slide-nav sow-slide-nav-prev\">\n\t\t\t\t\t<a href=\"#\" data-goto=\"previous\" aria-label=\"diapositiva anterior\" data-action=\"prev\">\n\t\t\t\t\t\t<em class=\"sow-sld-icon-thin-left\"><\/em>\n\t\t\t\t\t<\/a>\n\t\t\t\t<\/div>\n\t\t\t\t<\/div><\/div><\/div><\/div><\/div><\/div><\/div>","protected":false},"excerpt":{"rendered":"<p>\u00abEl pescado de Burriana no es para cualquiera. T\u00fa eres uno de los elegidos.\u00bb Objetivo de la campa\u00f1a: Posicionar al pescado de Burriana como un producto exclusivo y de alta calidad, ideal para quienes buscan experiencias gastron\u00f3micas \u00fanicas. A trav\u00e9s de este enfoque, se busca crear una sensaci\u00f3n de pertenencia a un grupo selecto y &hellip; <\/p>\n<p class=\"link-more\"><a href=\"http:\/\/peix.burriana.es\/index.php\/campana-marketing-2025\/\" class=\"more-link\">Continuar leyendo<span class=\"screen-reader-text\"> \u00abCampa\u00f1a Marketing 2025\u00bb<\/span><\/a><\/p>\n","protected":false},"author":2,"featured_media":0,"parent":0,"menu_order":0,"comment_status":"closed","ping_status":"closed","template":"","meta":{"footnotes":""},"class_list":["post-374","page","type-page","status-publish","hentry"],"_links":{"self":[{"href":"http:\/\/peix.burriana.es\/index.php\/wp-json\/wp\/v2\/pages\/374","targetHints":{"allow":["GET"]}}],"collection":[{"href":"http:\/\/peix.burriana.es\/index.php\/wp-json\/wp\/v2\/pages"}],"about":[{"href":"http:\/\/peix.burriana.es\/index.php\/wp-json\/wp\/v2\/types\/page"}],"author":[{"embeddable":true,"href":"http:\/\/peix.burriana.es\/index.php\/wp-json\/wp\/v2\/users\/2"}],"replies":[{"embeddable":true,"href":"http:\/\/peix.burriana.es\/index.php\/wp-json\/wp\/v2\/comments?post=374"}],"version-history":[{"count":3,"href":"http:\/\/peix.burriana.es\/index.php\/wp-json\/wp\/v2\/pages\/374\/revisions"}],"predecessor-version":[{"id":377,"href":"http:\/\/peix.burriana.es\/index.php\/wp-json\/wp\/v2\/pages\/374\/revisions\/377"}],"wp:attachment":[{"href":"http:\/\/peix.burriana.es\/index.php\/wp-json\/wp\/v2\/media?parent=374"}],"curies":[{"name":"wp","href":"https:\/\/api.w.org\/{rel}","templated":true}]}}