{"id":357,"date":"2025-06-11T10:10:09","date_gmt":"2025-06-11T08:10:09","guid":{"rendered":"https:\/\/peix.burriana.es\/?page_id=357"},"modified":"2025-06-11T10:10:09","modified_gmt":"2025-06-11T08:10:09","slug":"guias-formativas","status":"publish","type":"page","link":"http:\/\/peix.burriana.es\/index.php\/guias-formativas\/","title":{"rendered":"Guias Formativas"},"content":{"rendered":"<div id=\"pl-357\"  class=\"panel-layout\" ><div id=\"pg-357-0\"  class=\"panel-grid panel-no-style\" ><div id=\"pgc-357-0-0\"  class=\"panel-grid-cell\" ><div id=\"panel-357-0-0-0\" class=\"so-panel widget widget_sow-editor panel-first-child panel-last-child\" data-index=\"0\" ><div\n\t\t\t\n\t\t\tclass=\"so-widget-sow-editor so-widget-sow-editor-base\"\n\t\t\t\n\t\t><h3 class=\"widget-title\">Guias Formativas<\/h3>\n<div class=\"siteorigin-widget-tinymce textwidget\">\n\t<p><span style=\"font-family: Arial, serif;\"><span style=\"font-size: small;\">La Red de Turismo Pesquero de Espa\u00f1a ha creado una serie de manuales y gu\u00edas formativas. Esta documentaci\u00f3n, que es p\u00fablica, puede descargarse directamente desde esta plataforma Web. La reproducci\u00f3n del contenido de todos estos documentos, parcial o totalmente, debe hacerse citando su procedencia y previo consentimiento expreso de los responsables de la Red de Turismo Pesquero de Espa\u00f1a.<\/span><\/span><\/p>\n<p><a href=\"https:\/\/turismopesquero.es\/manuales-red.php\">Gu\u00eda Formativa sobre Rutas Marineras y Pesqueras en Tierra y Oficios del Mar<\/a><\/p>\n<p><a href=\"https:\/\/turismopesquero.es\/manuales-red.php\">Gu\u00eda Formativa sobre Hosteler\u00eda y Restaurantes Marineros<\/a><\/p>\n<p><a href=\"https:\/\/turismopesquero.es\/manuales-red.php\">Gu\u00eda Formativa sobre Comercializaci\u00f3n de Productos Pesqueros<\/a><\/p>\n<p><a href=\"https:\/\/turismopesquero.es\/manuales-red.php\">Gu\u00eda Formativa de Turismo Marinero<\/a><\/p>\n<p align=\"left\">\n<\/div>\n<\/div><\/div><\/div><\/div><div id=\"pg-357-1\"  class=\"panel-grid panel-has-style\" ><div class=\"siteorigin-panels-stretch panel-row-style panel-row-style-for-357-1\" data-stretch-type=\"full-width-stretch\" ><div id=\"pgc-357-1-0\"  class=\"panel-grid-cell\" ><div id=\"panel-357-1-0-0\" class=\"so-panel widget widget_sow-hero panel-first-child panel-last-child\" data-index=\"1\" ><div\n\t\t\t\n\t\t\tclass=\"so-widget-sow-hero so-widget-sow-hero-default-843a859331d4-357 so-widget-fittext-wrapper\"\n\t\t\t data-fit-text-compressor=\"0.85\"\n\t\t>\t\t\t\t<div class=\"sow-slider-base\" style=\"display: none\" tabindex=\"0\">\n\t\t\t\t\t<ul\n\t\t\t\t\tclass=\"sow-slider-images\"\n\t\t\t\t\tdata-settings=\"{&quot;pagination&quot;:true,&quot;speed&quot;:799,&quot;timeout&quot;:8000,&quot;paused&quot;:false,&quot;pause_on_hover&quot;:true,&quot;swipe&quot;:true,&quot;nav_always_show_desktop&quot;:&quot;&quot;,&quot;nav_always_show_mobile&quot;:&quot;&quot;,&quot;breakpoint&quot;:&quot;780px&quot;,&quot;unmute&quot;:false,&quot;anchor&quot;:null}\"\n\t\t\t\t\tstyle=\"min-height: 860px\"\t\t\t\t\tdata-anchor-id=\"\"\n\t\t\t\t>\t\t<li class=\"sow-slider-image  sow-slider-image-cover\" style=\"visibility: visible;;background-color: #333333\" >\n\t\t\t\t\t<div class=\"sow-slider-image-container\">\n\t\t\t<div class=\"sow-slider-image-wrapper\">\n\t\t\t\t\t\t\t<\/div>\n\t\t<\/div>\n\t\t<div class=\"sow-slider-image-overlay sow-slider-image-cover\" style=\"opacity: 0.4;background-image: url(http:\/\/peix.burriana.es\/wp-content\/uploads\/2025\/06\/1d7e02e6-8a69-49da-a560-11a6a413591d-1024x576.jpg)\"  ><\/div>\t\t<\/li>\n\t\t<\/ul>\t\t\t\t<ol class=\"sow-slider-pagination\">\n\t\t\t\t\t\t\t\t\t\t\t<li><a href=\"#\" data-goto=\"0\" aria-label=\"mostrar diapositiva 1\"><\/a><\/li>\n\t\t\t\t\t\t\t\t\t<\/ol>\n\n\t\t\t\t<div class=\"sow-slide-nav sow-slide-nav-next\">\n\t\t\t\t\t<a href=\"#\" data-goto=\"next\" aria-label=\"diapositiva siguiente\" data-action=\"next\">\n\t\t\t\t\t\t<em class=\"sow-sld-icon-thin-right\"><\/em>\n\t\t\t\t\t<\/a>\n\t\t\t\t<\/div>\n\n\t\t\t\t<div class=\"sow-slide-nav sow-slide-nav-prev\">\n\t\t\t\t\t<a href=\"#\" data-goto=\"previous\" aria-label=\"diapositiva anterior\" data-action=\"prev\">\n\t\t\t\t\t\t<em class=\"sow-sld-icon-thin-left\"><\/em>\n\t\t\t\t\t<\/a>\n\t\t\t\t<\/div>\n\t\t\t\t<\/div><\/div><\/div><\/div><\/div><\/div><\/div>","protected":false},"excerpt":{"rendered":"<p>La Red de Turismo Pesquero de Espa\u00f1a ha creado una serie de manuales y gu\u00edas formativas. Esta documentaci\u00f3n, que es p\u00fablica, puede descargarse directamente desde esta plataforma Web. La reproducci\u00f3n del contenido de todos estos documentos, parcial o totalmente, debe hacerse citando su procedencia y previo consentimiento expreso de los responsables de la Red de &hellip; <\/p>\n<p class=\"link-more\"><a href=\"http:\/\/peix.burriana.es\/index.php\/guias-formativas\/\" class=\"more-link\">Continuar leyendo<span class=\"screen-reader-text\"> \u00abGuias Formativas\u00bb<\/span><\/a><\/p>\n","protected":false},"author":2,"featured_media":0,"parent":0,"menu_order":0,"comment_status":"closed","ping_status":"closed","template":"","meta":{"footnotes":""},"class_list":["post-357","page","type-page","status-publish","hentry"],"_links":{"self":[{"href":"http:\/\/peix.burriana.es\/index.php\/wp-json\/wp\/v2\/pages\/357","targetHints":{"allow":["GET"]}}],"collection":[{"href":"http:\/\/peix.burriana.es\/index.php\/wp-json\/wp\/v2\/pages"}],"about":[{"href":"http:\/\/peix.burriana.es\/index.php\/wp-json\/wp\/v2\/types\/page"}],"author":[{"embeddable":true,"href":"http:\/\/peix.burriana.es\/index.php\/wp-json\/wp\/v2\/users\/2"}],"replies":[{"embeddable":true,"href":"http:\/\/peix.burriana.es\/index.php\/wp-json\/wp\/v2\/comments?post=357"}],"version-history":[{"count":3,"href":"http:\/\/peix.burriana.es\/index.php\/wp-json\/wp\/v2\/pages\/357\/revisions"}],"predecessor-version":[{"id":361,"href":"http:\/\/peix.burriana.es\/index.php\/wp-json\/wp\/v2\/pages\/357\/revisions\/361"}],"wp:attachment":[{"href":"http:\/\/peix.burriana.es\/index.php\/wp-json\/wp\/v2\/media?parent=357"}],"curies":[{"name":"wp","href":"https:\/\/api.w.org\/{rel}","templated":true}]}}