{"id":279,"date":"2025-06-10T21:41:58","date_gmt":"2025-06-10T19:41:58","guid":{"rendered":"https:\/\/peix.burriana.es\/?page_id=279"},"modified":"2025-08-23T16:20:24","modified_gmt":"2025-08-23T14:20:24","slug":"visitas-turisticas-guiadas-a-la-lonja","status":"publish","type":"page","link":"http:\/\/peix.burriana.es\/index.php\/visitas-turisticas-guiadas-a-la-lonja\/","title":{"rendered":"Visitas Tur\u00edsticas Guiadas a la Lonja de Pescadores"},"content":{"rendered":"<div id=\"pl-279\"  class=\"panel-layout\" ><div id=\"pg-279-0\"  class=\"panel-grid panel-no-style\" ><div id=\"pgc-279-0-0\"  class=\"panel-grid-cell\" ><div id=\"panel-279-0-0-0\" class=\"so-panel widget widget_sow-editor panel-first-child\" data-index=\"0\" ><div\n\t\t\t\n\t\t\tclass=\"so-widget-sow-editor so-widget-sow-editor-base\"\n\t\t\t\n\t\t>\n<div class=\"siteorigin-widget-tinymce textwidget\">\n\t<p>Las visitas guiadas a la Lonja de Pescadores de Burriana ofrecen una oportunidad \u00fanica para descubrir de cerca el mundo de la pesca artesanal. Acompa\u00f1ados por gu\u00edas expertos, los visitantes recorren las instalaciones, conocen las artes de pesca tradicionales y presencian en directo la subasta del pescado reci\u00e9n capturado. Es una experiencia enriquecedora que permite comprender el esfuerzo diario de los pescadores y el valor del producto local, el Peix de Burriana. Ideal para familias, escolares y amantes del mar, esta actividad acerca a la ciudadan\u00eda al coraz\u00f3n del puerto y refuerza el v\u00ednculo entre el mar y la cultura local.<\/p>\n<\/div>\n<\/div><\/div><div id=\"panel-279-0-0-1\" class=\"so-panel widget widget_sow-editor panel-last-child\" data-index=\"1\" ><div\n\t\t\t\n\t\t\tclass=\"so-widget-sow-editor so-widget-sow-editor-base\"\n\t\t\t\n\t\t>\n<div class=\"siteorigin-widget-tinymce textwidget\">\n\t<p>Para reservar la visita guiada, acceda a este enlace y ser\u00e1 redirigido a la p\u00e1gina de reserva de visitas guiadas.\u00a0 <a href=\"https:\/\/visitesguiades.burriana.es\/visitesguiades\/\">AQUI<\/a><\/p>\n<\/div>\n<\/div><\/div><\/div><\/div><div id=\"pg-279-1\"  class=\"panel-grid panel-no-style\" ><div id=\"pgc-279-1-0\"  class=\"panel-grid-cell\" ><div id=\"panel-279-1-0-0\" class=\"so-panel widget widget_sow-image panel-first-child panel-last-child\" data-index=\"2\" ><div\n\t\t\t\n\t\t\tclass=\"so-widget-sow-image so-widget-sow-image-default-8b5b6f678277-279\"\n\t\t\t\n\t\t>\n<div class=\"sow-image-container\">\n\t\t<img \n\tsrc=\"http:\/\/peix.burriana.es\/wp-content\/uploads\/2025\/06\/dd5fcddc-4be2-4a81-8e0b-d3ddea5eaa2c.jpg\" width=\"1600\" height=\"1200\" srcset=\"http:\/\/peix.burriana.es\/wp-content\/uploads\/2025\/06\/dd5fcddc-4be2-4a81-8e0b-d3ddea5eaa2c.jpg 1600w, http:\/\/peix.burriana.es\/wp-content\/uploads\/2025\/06\/dd5fcddc-4be2-4a81-8e0b-d3ddea5eaa2c-300x225.jpg 300w, http:\/\/peix.burriana.es\/wp-content\/uploads\/2025\/06\/dd5fcddc-4be2-4a81-8e0b-d3ddea5eaa2c-1024x768.jpg 1024w, http:\/\/peix.burriana.es\/wp-content\/uploads\/2025\/06\/dd5fcddc-4be2-4a81-8e0b-d3ddea5eaa2c-768x576.jpg 768w, http:\/\/peix.burriana.es\/wp-content\/uploads\/2025\/06\/dd5fcddc-4be2-4a81-8e0b-d3ddea5eaa2c-1536x1152.jpg 1536w\" sizes=\"(max-width: 767px) 89vw, (max-width: 1000px) 54vw, (max-width: 1071px) 543px, 580px\" alt=\"\" \t\tclass=\"so-widget-image\"\/>\n\t<\/div>\n\n<\/div><\/div><\/div><div id=\"pgc-279-1-1\"  class=\"panel-grid-cell\" ><div id=\"panel-279-1-1-0\" class=\"so-panel widget widget_sow-image panel-first-child panel-last-child\" data-index=\"3\" ><div\n\t\t\t\n\t\t\tclass=\"so-widget-sow-image so-widget-sow-image-default-8b5b6f678277-279\"\n\t\t\t\n\t\t>\n<div class=\"sow-image-container\">\n\t\t<img \n\tsrc=\"http:\/\/peix.burriana.es\/wp-content\/uploads\/2025\/06\/03df26e2-ca03-4880-911d-89f6d4a35cc8.jpg\" width=\"1600\" height=\"1200\" srcset=\"http:\/\/peix.burriana.es\/wp-content\/uploads\/2025\/06\/03df26e2-ca03-4880-911d-89f6d4a35cc8.jpg 1600w, http:\/\/peix.burriana.es\/wp-content\/uploads\/2025\/06\/03df26e2-ca03-4880-911d-89f6d4a35cc8-300x225.jpg 300w, http:\/\/peix.burriana.es\/wp-content\/uploads\/2025\/06\/03df26e2-ca03-4880-911d-89f6d4a35cc8-1024x768.jpg 1024w, http:\/\/peix.burriana.es\/wp-content\/uploads\/2025\/06\/03df26e2-ca03-4880-911d-89f6d4a35cc8-768x576.jpg 768w, http:\/\/peix.burriana.es\/wp-content\/uploads\/2025\/06\/03df26e2-ca03-4880-911d-89f6d4a35cc8-1536x1152.jpg 1536w\" sizes=\"(max-width: 767px) 89vw, (max-width: 1000px) 54vw, (max-width: 1071px) 543px, 580px\" alt=\"\" \t\tclass=\"so-widget-image\"\/>\n\t<\/div>\n\n<\/div><\/div><\/div><div id=\"pgc-279-1-2\"  class=\"panel-grid-cell\" ><div id=\"panel-279-1-2-0\" class=\"so-panel widget widget_sow-image panel-first-child panel-last-child\" data-index=\"4\" ><div\n\t\t\t\n\t\t\tclass=\"so-widget-sow-image so-widget-sow-image-default-8b5b6f678277-279\"\n\t\t\t\n\t\t>\n<div class=\"sow-image-container\">\n\t\t<img \n\tsrc=\"http:\/\/peix.burriana.es\/wp-content\/uploads\/2025\/06\/886bfe1e-0486-4d45-98b0-91037e43e63e-2.jpg\" width=\"1600\" height=\"1200\" srcset=\"http:\/\/peix.burriana.es\/wp-content\/uploads\/2025\/06\/886bfe1e-0486-4d45-98b0-91037e43e63e-2.jpg 1600w, http:\/\/peix.burriana.es\/wp-content\/uploads\/2025\/06\/886bfe1e-0486-4d45-98b0-91037e43e63e-2-300x225.jpg 300w, http:\/\/peix.burriana.es\/wp-content\/uploads\/2025\/06\/886bfe1e-0486-4d45-98b0-91037e43e63e-2-1024x768.jpg 1024w, http:\/\/peix.burriana.es\/wp-content\/uploads\/2025\/06\/886bfe1e-0486-4d45-98b0-91037e43e63e-2-768x576.jpg 768w, http:\/\/peix.burriana.es\/wp-content\/uploads\/2025\/06\/886bfe1e-0486-4d45-98b0-91037e43e63e-2-1536x1152.jpg 1536w\" sizes=\"(max-width: 767px) 89vw, (max-width: 1000px) 54vw, (max-width: 1071px) 543px, 580px\" title=\"886bfe1e-0486-4d45-98b0-91037e43e63e\" alt=\"\" \t\tclass=\"so-widget-image\"\/>\n\t<\/div>\n\n<\/div><\/div><\/div><div id=\"pgc-279-1-3\"  class=\"panel-grid-cell\" ><div id=\"panel-279-1-3-0\" class=\"so-panel widget widget_sow-image panel-first-child panel-last-child\" data-index=\"5\" ><div\n\t\t\t\n\t\t\tclass=\"so-widget-sow-image so-widget-sow-image-default-8b5b6f678277-279\"\n\t\t\t\n\t\t>\n<div class=\"sow-image-container\">\n\t\t<img \n\tsrc=\"http:\/\/peix.burriana.es\/wp-content\/uploads\/2025\/06\/805ea0c8-d9ea-49e5-a367-c07e6b0200a5.jpg\" width=\"1600\" height=\"1200\" srcset=\"http:\/\/peix.burriana.es\/wp-content\/uploads\/2025\/06\/805ea0c8-d9ea-49e5-a367-c07e6b0200a5.jpg 1600w, http:\/\/peix.burriana.es\/wp-content\/uploads\/2025\/06\/805ea0c8-d9ea-49e5-a367-c07e6b0200a5-300x225.jpg 300w, http:\/\/peix.burriana.es\/wp-content\/uploads\/2025\/06\/805ea0c8-d9ea-49e5-a367-c07e6b0200a5-1024x768.jpg 1024w, http:\/\/peix.burriana.es\/wp-content\/uploads\/2025\/06\/805ea0c8-d9ea-49e5-a367-c07e6b0200a5-768x576.jpg 768w, http:\/\/peix.burriana.es\/wp-content\/uploads\/2025\/06\/805ea0c8-d9ea-49e5-a367-c07e6b0200a5-1536x1152.jpg 1536w\" sizes=\"(max-width: 767px) 89vw, (max-width: 1000px) 54vw, (max-width: 1071px) 543px, 580px\" alt=\"\" \t\tclass=\"so-widget-image\"\/>\n\t<\/div>\n\n<\/div><\/div><\/div><\/div><div id=\"pg-279-2\"  class=\"panel-grid panel-no-style\" ><div id=\"pgc-279-2-0\"  class=\"panel-grid-cell\" ><div id=\"panel-279-2-0-0\" class=\"so-panel widget widget_sow-image panel-first-child panel-last-child\" data-index=\"6\" ><div\n\t\t\t\n\t\t\tclass=\"so-widget-sow-image so-widget-sow-image-default-8b5b6f678277-279\"\n\t\t\t\n\t\t>\n<div class=\"sow-image-container\">\n\t\t<img \n\tsrc=\"http:\/\/peix.burriana.es\/wp-content\/uploads\/2025\/06\/501bb626-54db-4cf4-b1dc-3315d6f05dea.jpg\" width=\"1200\" height=\"1600\" srcset=\"http:\/\/peix.burriana.es\/wp-content\/uploads\/2025\/06\/501bb626-54db-4cf4-b1dc-3315d6f05dea.jpg 1200w, http:\/\/peix.burriana.es\/wp-content\/uploads\/2025\/06\/501bb626-54db-4cf4-b1dc-3315d6f05dea-225x300.jpg 225w, http:\/\/peix.burriana.es\/wp-content\/uploads\/2025\/06\/501bb626-54db-4cf4-b1dc-3315d6f05dea-768x1024.jpg 768w, http:\/\/peix.burriana.es\/wp-content\/uploads\/2025\/06\/501bb626-54db-4cf4-b1dc-3315d6f05dea-1152x1536.jpg 1152w\" sizes=\"(max-width: 767px) 89vw, (max-width: 1000px) 54vw, (max-width: 1071px) 543px, 580px\" alt=\"\" \t\tclass=\"so-widget-image\"\/>\n\t<\/div>\n\n<\/div><\/div><\/div><div id=\"pgc-279-2-1\"  class=\"panel-grid-cell\" ><div id=\"panel-279-2-1-0\" class=\"so-panel widget widget_sow-image panel-first-child panel-last-child\" data-index=\"7\" ><div\n\t\t\t\n\t\t\tclass=\"so-widget-sow-image so-widget-sow-image-default-8b5b6f678277-279\"\n\t\t\t\n\t\t>\n<div class=\"sow-image-container\">\n\t\t<img \n\tsrc=\"http:\/\/peix.burriana.es\/wp-content\/uploads\/2025\/06\/76df9b76-39bf-4e99-a894-a3b7ff8f7091-1.jpg\" width=\"1200\" height=\"1600\" srcset=\"http:\/\/peix.burriana.es\/wp-content\/uploads\/2025\/06\/76df9b76-39bf-4e99-a894-a3b7ff8f7091-1.jpg 1200w, http:\/\/peix.burriana.es\/wp-content\/uploads\/2025\/06\/76df9b76-39bf-4e99-a894-a3b7ff8f7091-1-225x300.jpg 225w, http:\/\/peix.burriana.es\/wp-content\/uploads\/2025\/06\/76df9b76-39bf-4e99-a894-a3b7ff8f7091-1-768x1024.jpg 768w, http:\/\/peix.burriana.es\/wp-content\/uploads\/2025\/06\/76df9b76-39bf-4e99-a894-a3b7ff8f7091-1-1152x1536.jpg 1152w\" sizes=\"(max-width: 767px) 89vw, (max-width: 1000px) 54vw, (max-width: 1071px) 543px, 580px\" title=\"76df9b76-39bf-4e99-a894-a3b7ff8f7091\" alt=\"\" \t\tclass=\"so-widget-image\"\/>\n\t<\/div>\n\n<\/div><\/div><\/div><div id=\"pgc-279-2-2\"  class=\"panel-grid-cell\" ><div id=\"panel-279-2-2-0\" class=\"so-panel widget widget_sow-image panel-first-child panel-last-child\" data-index=\"8\" ><div\n\t\t\t\n\t\t\tclass=\"so-widget-sow-image so-widget-sow-image-default-8b5b6f678277-279\"\n\t\t\t\n\t\t>\n<div class=\"sow-image-container\">\n\t\t<img \n\tsrc=\"http:\/\/peix.burriana.es\/wp-content\/uploads\/2025\/06\/06fdfedc-d7de-4c3b-ac97-1767265e932d.jpg\" width=\"1200\" height=\"1600\" srcset=\"http:\/\/peix.burriana.es\/wp-content\/uploads\/2025\/06\/06fdfedc-d7de-4c3b-ac97-1767265e932d.jpg 1200w, http:\/\/peix.burriana.es\/wp-content\/uploads\/2025\/06\/06fdfedc-d7de-4c3b-ac97-1767265e932d-225x300.jpg 225w, http:\/\/peix.burriana.es\/wp-content\/uploads\/2025\/06\/06fdfedc-d7de-4c3b-ac97-1767265e932d-768x1024.jpg 768w, http:\/\/peix.burriana.es\/wp-content\/uploads\/2025\/06\/06fdfedc-d7de-4c3b-ac97-1767265e932d-1152x1536.jpg 1152w\" sizes=\"(max-width: 767px) 89vw, (max-width: 1000px) 54vw, (max-width: 1071px) 543px, 580px\" alt=\"\" \t\tclass=\"so-widget-image\"\/>\n\t<\/div>\n\n<\/div><\/div><\/div><div id=\"pgc-279-2-3\"  class=\"panel-grid-cell\" ><div id=\"panel-279-2-3-0\" class=\"so-panel widget widget_sow-image panel-first-child panel-last-child\" data-index=\"9\" ><div\n\t\t\t\n\t\t\tclass=\"so-widget-sow-image so-widget-sow-image-default-8b5b6f678277-279\"\n\t\t\t\n\t\t>\n<div class=\"sow-image-container\">\n\t\t<img \n\tsrc=\"http:\/\/peix.burriana.es\/wp-content\/uploads\/2025\/06\/d5016761-bc09-4d90-9709-44e2b309fff4.jpg\" width=\"1200\" height=\"1600\" srcset=\"http:\/\/peix.burriana.es\/wp-content\/uploads\/2025\/06\/d5016761-bc09-4d90-9709-44e2b309fff4.jpg 1200w, http:\/\/peix.burriana.es\/wp-content\/uploads\/2025\/06\/d5016761-bc09-4d90-9709-44e2b309fff4-225x300.jpg 225w, http:\/\/peix.burriana.es\/wp-content\/uploads\/2025\/06\/d5016761-bc09-4d90-9709-44e2b309fff4-768x1024.jpg 768w, http:\/\/peix.burriana.es\/wp-content\/uploads\/2025\/06\/d5016761-bc09-4d90-9709-44e2b309fff4-1152x1536.jpg 1152w\" sizes=\"(max-width: 767px) 89vw, (max-width: 1000px) 54vw, (max-width: 1071px) 543px, 580px\" alt=\"\" \t\tclass=\"so-widget-image\"\/>\n\t<\/div>\n\n<\/div><\/div><\/div><\/div><div id=\"pg-279-3\"  class=\"panel-grid panel-no-style\" ><div id=\"pgc-279-3-0\"  class=\"panel-grid-cell\" ><div id=\"panel-279-3-0-0\" class=\"so-panel widget widget_sow-image panel-first-child panel-last-child\" data-index=\"10\" ><div\n\t\t\t\n\t\t\tclass=\"so-widget-sow-image so-widget-sow-image-default-8b5b6f678277-279\"\n\t\t\t\n\t\t>\n<div class=\"sow-image-container\">\n\t\t<img \n\tsrc=\"http:\/\/peix.burriana.es\/wp-content\/uploads\/2025\/08\/Captura-de-pantalla-2025-08-23-a-las-16.07.15-1.png\" width=\"621\" height=\"457\" srcset=\"http:\/\/peix.burriana.es\/wp-content\/uploads\/2025\/08\/Captura-de-pantalla-2025-08-23-a-las-16.07.15-1.png 621w, http:\/\/peix.burriana.es\/wp-content\/uploads\/2025\/08\/Captura-de-pantalla-2025-08-23-a-las-16.07.15-1-300x221.png 300w\" sizes=\"(max-width: 621px) 100vw, 621px\" title=\"Captura de pantalla 2025-08-23 a las 16.07.15\" alt=\"\" \t\tclass=\"so-widget-image\"\/>\n\t<\/div>\n\n<\/div><\/div><\/div><div id=\"pgc-279-3-1\"  class=\"panel-grid-cell\" ><div id=\"panel-279-3-1-0\" class=\"so-panel widget widget_sow-image panel-first-child panel-last-child\" data-index=\"11\" ><div\n\t\t\t\n\t\t\tclass=\"so-widget-sow-image so-widget-sow-image-default-8b5b6f678277-279\"\n\t\t\t\n\t\t>\n<div class=\"sow-image-container\">\n\t\t<img \n\tsrc=\"http:\/\/peix.burriana.es\/wp-content\/uploads\/2025\/08\/Captura-de-pantalla-2025-08-23-a-las-16.07.41-1.png\" width=\"644\" height=\"449\" srcset=\"http:\/\/peix.burriana.es\/wp-content\/uploads\/2025\/08\/Captura-de-pantalla-2025-08-23-a-las-16.07.41-1.png 644w, http:\/\/peix.burriana.es\/wp-content\/uploads\/2025\/08\/Captura-de-pantalla-2025-08-23-a-las-16.07.41-1-300x209.png 300w\" sizes=\"(max-width: 644px) 100vw, 644px\" title=\"Captura de pantalla 2025-08-23 a las 16.07.41\" alt=\"\" \t\tclass=\"so-widget-image\"\/>\n\t<\/div>\n\n<\/div><\/div><\/div><div id=\"pgc-279-3-2\"  class=\"panel-grid-cell\" ><div id=\"panel-279-3-2-0\" class=\"so-panel widget widget_sow-image panel-first-child panel-last-child\" data-index=\"12\" ><div\n\t\t\t\n\t\t\tclass=\"so-widget-sow-image so-widget-sow-image-default-8b5b6f678277-279\"\n\t\t\t\n\t\t>\n<div class=\"sow-image-container\">\n\t\t<img \n\tsrc=\"http:\/\/peix.burriana.es\/wp-content\/uploads\/2025\/08\/Captura-de-pantalla-2025-08-23-a-las-16.07.23-e1755958260549.png\" width=\"500\" height=\"374\" sizes=\"(max-width: 500px) 100vw, 500px\" title=\"Captura de pantalla 2025-08-23 a las 16.07.23\" alt=\"\" \t\tclass=\"so-widget-image\"\/>\n\t<\/div>\n\n<\/div><\/div><\/div><div id=\"pgc-279-3-3\"  class=\"panel-grid-cell\" ><div id=\"panel-279-3-3-0\" class=\"so-panel widget widget_sow-image panel-first-child panel-last-child\" data-index=\"13\" ><div\n\t\t\t\n\t\t\tclass=\"so-widget-sow-image so-widget-sow-image-default-8b5b6f678277-279\"\n\t\t\t\n\t\t>\n<div class=\"sow-image-container\">\n\t\t<img \n\tsrc=\"http:\/\/peix.burriana.es\/wp-content\/uploads\/2025\/08\/Captura-de-pantalla-2025-08-23-a-las-16.07.31-e1755958273286.png\" width=\"500\" height=\"363\" sizes=\"(max-width: 500px) 100vw, 500px\" title=\"Captura de pantalla 2025-08-23 a las 16.07.31\" alt=\"\" \t\tclass=\"so-widget-image\"\/>\n\t<\/div>\n\n<\/div><\/div><\/div><\/div><div id=\"pg-279-4\"  class=\"panel-grid panel-no-style\" ><div id=\"pgc-279-4-0\"  class=\"panel-grid-cell\" ><div id=\"panel-279-4-0-0\" class=\"so-panel widget widget_sow-image panel-first-child panel-last-child\" data-index=\"14\" ><div\n\t\t\t\n\t\t\tclass=\"so-widget-sow-image so-widget-sow-image-default-8b5b6f678277-279\"\n\t\t\t\n\t\t>\n<div class=\"sow-image-container\">\n\t\t<img \n\tsrc=\"http:\/\/peix.burriana.es\/wp-content\/uploads\/2025\/08\/Captura-de-pantalla-2025-08-23-a-las-16.06.54.png\" width=\"710\" height=\"578\" srcset=\"http:\/\/peix.burriana.es\/wp-content\/uploads\/2025\/08\/Captura-de-pantalla-2025-08-23-a-las-16.06.54.png 710w, http:\/\/peix.burriana.es\/wp-content\/uploads\/2025\/08\/Captura-de-pantalla-2025-08-23-a-las-16.06.54-300x244.png 300w\" sizes=\"(max-width: 710px) 100vw, 710px\" title=\"Captura de pantalla 2025-08-23 a las 16.06.54\" alt=\"\" \t\tclass=\"so-widget-image\"\/>\n\t<\/div>\n\n<\/div><\/div><\/div><div id=\"pgc-279-4-1\"  class=\"panel-grid-cell\" ><div id=\"panel-279-4-1-0\" class=\"so-panel widget widget_sow-image panel-first-child panel-last-child\" data-index=\"15\" ><div\n\t\t\t\n\t\t\tclass=\"so-widget-sow-image so-widget-sow-image-default-8b5b6f678277-279\"\n\t\t\t\n\t\t>\n<div class=\"sow-image-container\">\n\t\t<img \n\tsrc=\"http:\/\/peix.burriana.es\/wp-content\/uploads\/2025\/08\/Captura-de-pantalla-2025-08-23-a-las-16.07.23-e1755958260549.png\" width=\"500\" height=\"374\" sizes=\"(max-width: 500px) 100vw, 500px\" title=\"Captura de pantalla 2025-08-23 a las 16.07.23\" alt=\"\" \t\tclass=\"so-widget-image\"\/>\n\t<\/div>\n\n<\/div><\/div><\/div><div id=\"pgc-279-4-2\"  class=\"panel-grid-cell\" ><div id=\"panel-279-4-2-0\" class=\"so-panel widget widget_sow-image panel-first-child panel-last-child\" data-index=\"16\" ><div\n\t\t\t\n\t\t\tclass=\"so-widget-sow-image so-widget-sow-image-default-8b5b6f678277-279\"\n\t\t\t\n\t\t>\n<div class=\"sow-image-container\">\n\t\t<img \n\tsrc=\"http:\/\/peix.burriana.es\/wp-content\/uploads\/2025\/08\/Captura-de-pantalla-2025-08-23-a-las-16.07.31-e1755958273286.png\" width=\"500\" height=\"363\" sizes=\"(max-width: 500px) 100vw, 500px\" title=\"Captura de pantalla 2025-08-23 a las 16.07.31\" alt=\"\" \t\tclass=\"so-widget-image\"\/>\n\t<\/div>\n\n<\/div><\/div><\/div><div id=\"pgc-279-4-3\"  class=\"panel-grid-cell\" ><div id=\"panel-279-4-3-0\" class=\"so-panel widget widget_sow-image panel-first-child panel-last-child\" data-index=\"17\" ><div\n\t\t\t\n\t\t\tclass=\"so-widget-sow-image so-widget-sow-image-default-8b5b6f678277-279\"\n\t\t\t\n\t\t>\n<div class=\"sow-image-container\">\n\t\t<img \n\tsrc=\"http:\/\/peix.burriana.es\/wp-content\/uploads\/2025\/06\/dd5fcddc-4be2-4a81-8e0b-d3ddea5eaa2c-2.jpg\" width=\"1600\" height=\"1200\" srcset=\"http:\/\/peix.burriana.es\/wp-content\/uploads\/2025\/06\/dd5fcddc-4be2-4a81-8e0b-d3ddea5eaa2c-2.jpg 1600w, http:\/\/peix.burriana.es\/wp-content\/uploads\/2025\/06\/dd5fcddc-4be2-4a81-8e0b-d3ddea5eaa2c-2-300x225.jpg 300w, http:\/\/peix.burriana.es\/wp-content\/uploads\/2025\/06\/dd5fcddc-4be2-4a81-8e0b-d3ddea5eaa2c-2-1024x768.jpg 1024w, http:\/\/peix.burriana.es\/wp-content\/uploads\/2025\/06\/dd5fcddc-4be2-4a81-8e0b-d3ddea5eaa2c-2-768x576.jpg 768w, http:\/\/peix.burriana.es\/wp-content\/uploads\/2025\/06\/dd5fcddc-4be2-4a81-8e0b-d3ddea5eaa2c-2-1536x1152.jpg 1536w\" sizes=\"(max-width: 767px) 89vw, (max-width: 1000px) 54vw, (max-width: 1071px) 543px, 580px\" title=\"dd5fcddc-4be2-4a81-8e0b-d3ddea5eaa2c\" alt=\"\" \t\tclass=\"so-widget-image\"\/>\n\t<\/div>\n\n<\/div><\/div><\/div><\/div><div id=\"pg-279-5\"  class=\"panel-grid panel-has-style\" ><div class=\"siteorigin-panels-stretch panel-row-style panel-row-style-for-279-5\" data-stretch-type=\"full-width-stretch\" ><div id=\"pgc-279-5-0\"  class=\"panel-grid-cell\" ><div id=\"panel-279-5-0-0\" class=\"so-panel widget widget_sow-hero panel-first-child panel-last-child\" data-index=\"18\" ><div\n\t\t\t\n\t\t\tclass=\"so-widget-sow-hero so-widget-sow-hero-default-843a859331d4-279 so-widget-fittext-wrapper\"\n\t\t\t data-fit-text-compressor=\"0.85\"\n\t\t>\t\t\t\t<div class=\"sow-slider-base\" style=\"display: none\" tabindex=\"0\">\n\t\t\t\t\t<ul\n\t\t\t\t\tclass=\"sow-slider-images\"\n\t\t\t\t\tdata-settings=\"{&quot;pagination&quot;:true,&quot;speed&quot;:799,&quot;timeout&quot;:8000,&quot;paused&quot;:false,&quot;pause_on_hover&quot;:true,&quot;swipe&quot;:true,&quot;nav_always_show_desktop&quot;:&quot;&quot;,&quot;nav_always_show_mobile&quot;:&quot;&quot;,&quot;breakpoint&quot;:&quot;780px&quot;,&quot;unmute&quot;:false,&quot;anchor&quot;:null}\"\n\t\t\t\t\tstyle=\"min-height: 860px\"\t\t\t\t\tdata-anchor-id=\"\"\n\t\t\t\t>\t\t<li class=\"sow-slider-image  sow-slider-image-cover\" style=\"visibility: visible;;background-color: #333333\" >\n\t\t\t\t\t<div class=\"sow-slider-image-container\">\n\t\t\t<div class=\"sow-slider-image-wrapper\">\n\t\t\t\t\t\t\t<\/div>\n\t\t<\/div>\n\t\t<div class=\"sow-slider-image-overlay sow-slider-image-cover\" style=\"opacity: 0.4;background-image: url(http:\/\/peix.burriana.es\/wp-content\/uploads\/2025\/06\/WhatsApp-Image-2025-06-10-at-17.23.57-1024x576.jpeg)\"  ><\/div>\t\t<\/li>\n\t\t<\/ul>\t\t\t\t<ol class=\"sow-slider-pagination\">\n\t\t\t\t\t\t\t\t\t\t\t<li><a href=\"#\" data-goto=\"0\" aria-label=\"mostrar diapositiva 1\"><\/a><\/li>\n\t\t\t\t\t\t\t\t\t<\/ol>\n\n\t\t\t\t<div class=\"sow-slide-nav sow-slide-nav-next\">\n\t\t\t\t\t<a href=\"#\" data-goto=\"next\" aria-label=\"diapositiva siguiente\" data-action=\"next\">\n\t\t\t\t\t\t<em class=\"sow-sld-icon-thin-right\"><\/em>\n\t\t\t\t\t<\/a>\n\t\t\t\t<\/div>\n\n\t\t\t\t<div class=\"sow-slide-nav sow-slide-nav-prev\">\n\t\t\t\t\t<a href=\"#\" data-goto=\"previous\" aria-label=\"diapositiva anterior\" data-action=\"prev\">\n\t\t\t\t\t\t<em class=\"sow-sld-icon-thin-left\"><\/em>\n\t\t\t\t\t<\/a>\n\t\t\t\t<\/div>\n\t\t\t\t<\/div><\/div><\/div><\/div><\/div><\/div><div id=\"pg-279-6\"  class=\"panel-grid panel-no-style\" ><div id=\"pgc-279-6-0\"  class=\"panel-grid-cell\" ><div id=\"panel-279-6-0-0\" class=\"so-panel widget widget_sow-hero panel-first-child\" data-index=\"19\" ><div\n\t\t\t\n\t\t\tclass=\"so-widget-sow-hero so-widget-sow-hero-default-843a859331d4-279 so-widget-fittext-wrapper\"\n\t\t\t data-fit-text-compressor=\"0.85\"\n\t\t>\t\t\t\t<div class=\"sow-slider-base\" style=\"display: none\" tabindex=\"0\">\n\t\t\t\t\t<ul\n\t\t\t\t\tclass=\"sow-slider-images\"\n\t\t\t\t\tdata-settings=\"{&quot;pagination&quot;:true,&quot;speed&quot;:799,&quot;timeout&quot;:8000,&quot;paused&quot;:false,&quot;pause_on_hover&quot;:true,&quot;swipe&quot;:true,&quot;nav_always_show_desktop&quot;:&quot;&quot;,&quot;nav_always_show_mobile&quot;:&quot;&quot;,&quot;breakpoint&quot;:&quot;780px&quot;,&quot;unmute&quot;:false,&quot;anchor&quot;:null}\"\n\t\t\t\t\tstyle=\"min-height: 860px\"\t\t\t\t\tdata-anchor-id=\"\"\n\t\t\t\t>\t\t<li class=\"sow-slider-image  sow-slider-image-cover\" style=\"visibility: visible;;background-color: #333333\" >\n\t\t\t\t\t<div class=\"sow-slider-image-container\">\n\t\t\t<div class=\"sow-slider-image-wrapper\">\n\t\t\t\t\t\t\t<\/div>\n\t\t<\/div>\n\t\t<div class=\"sow-slider-image-overlay sow-slider-image-cover\" style=\"opacity: 0.4;background-image: url(http:\/\/peix.burriana.es\/wp-content\/uploads\/2025\/06\/LONJA-1-769x1024.jpg)\"  ><\/div>\t\t<\/li>\n\t\t<\/ul>\t\t\t\t<ol class=\"sow-slider-pagination\">\n\t\t\t\t\t\t\t\t\t\t\t<li><a href=\"#\" data-goto=\"0\" aria-label=\"mostrar diapositiva 1\"><\/a><\/li>\n\t\t\t\t\t\t\t\t\t<\/ol>\n\n\t\t\t\t<div class=\"sow-slide-nav sow-slide-nav-next\">\n\t\t\t\t\t<a href=\"#\" data-goto=\"next\" aria-label=\"diapositiva siguiente\" data-action=\"next\">\n\t\t\t\t\t\t<em class=\"sow-sld-icon-thin-right\"><\/em>\n\t\t\t\t\t<\/a>\n\t\t\t\t<\/div>\n\n\t\t\t\t<div class=\"sow-slide-nav sow-slide-nav-prev\">\n\t\t\t\t\t<a href=\"#\" data-goto=\"previous\" aria-label=\"diapositiva anterior\" data-action=\"prev\">\n\t\t\t\t\t\t<em class=\"sow-sld-icon-thin-left\"><\/em>\n\t\t\t\t\t<\/a>\n\t\t\t\t<\/div>\n\t\t\t\t<\/div><\/div><\/div><div id=\"panel-279-6-0-1\" class=\"so-panel widget widget_sow-image panel-last-child\" data-index=\"20\" ><div\n\t\t\t\n\t\t\tclass=\"so-widget-sow-image so-widget-sow-image-default-8b5b6f678277-279\"\n\t\t\t\n\t\t>\n<div class=\"sow-image-container\">\n\t\t<img \n\tsrc=\"http:\/\/peix.burriana.es\/wp-content\/uploads\/2025\/06\/todos-los-logos-para-mi-amigo-pascual-mes-gran-2-linias-01-1-scaled.png\" width=\"2560\" height=\"668\" srcset=\"http:\/\/peix.burriana.es\/wp-content\/uploads\/2025\/06\/todos-los-logos-para-mi-amigo-pascual-mes-gran-2-linias-01-1-scaled.png 2560w, http:\/\/peix.burriana.es\/wp-content\/uploads\/2025\/06\/todos-los-logos-para-mi-amigo-pascual-mes-gran-2-linias-01-1-300x78.png 300w, http:\/\/peix.burriana.es\/wp-content\/uploads\/2025\/06\/todos-los-logos-para-mi-amigo-pascual-mes-gran-2-linias-01-1-1024x267.png 1024w, http:\/\/peix.burriana.es\/wp-content\/uploads\/2025\/06\/todos-los-logos-para-mi-amigo-pascual-mes-gran-2-linias-01-1-768x200.png 768w, http:\/\/peix.burriana.es\/wp-content\/uploads\/2025\/06\/todos-los-logos-para-mi-amigo-pascual-mes-gran-2-linias-01-1-1536x401.png 1536w, http:\/\/peix.burriana.es\/wp-content\/uploads\/2025\/06\/todos-los-logos-para-mi-amigo-pascual-mes-gran-2-linias-01-1-2048x534.png 2048w\" sizes=\"(max-width: 767px) 89vw, (max-width: 1000px) 54vw, (max-width: 1071px) 543px, 580px\" title=\"todos los logos para mi amigo pascual mes gran 2 linias-01\" alt=\"\" \t\tclass=\"so-widget-image\"\/>\n\t<\/div>\n\n<\/div><\/div><\/div><\/div><\/div>","protected":false},"excerpt":{"rendered":"<p>Las visitas guiadas a la Lonja de Pescadores de Burriana ofrecen una oportunidad \u00fanica para descubrir de cerca el mundo de la pesca artesanal. Acompa\u00f1ados por gu\u00edas expertos, los visitantes recorren las instalaciones, conocen las artes de pesca tradicionales y presencian en directo la subasta del pescado reci\u00e9n capturado. Es una experiencia enriquecedora que permite &hellip; <\/p>\n<p class=\"link-more\"><a href=\"http:\/\/peix.burriana.es\/index.php\/visitas-turisticas-guiadas-a-la-lonja\/\" class=\"more-link\">Continuar leyendo<span class=\"screen-reader-text\"> \u00abVisitas Tur\u00edsticas Guiadas a la Lonja de Pescadores\u00bb<\/span><\/a><\/p>\n","protected":false},"author":2,"featured_media":0,"parent":0,"menu_order":0,"comment_status":"closed","ping_status":"closed","template":"","meta":{"footnotes":""},"class_list":["post-279","page","type-page","status-publish","hentry"],"_links":{"self":[{"href":"http:\/\/peix.burriana.es\/index.php\/wp-json\/wp\/v2\/pages\/279","targetHints":{"allow":["GET"]}}],"collection":[{"href":"http:\/\/peix.burriana.es\/index.php\/wp-json\/wp\/v2\/pages"}],"about":[{"href":"http:\/\/peix.burriana.es\/index.php\/wp-json\/wp\/v2\/types\/page"}],"author":[{"embeddable":true,"href":"http:\/\/peix.burriana.es\/index.php\/wp-json\/wp\/v2\/users\/2"}],"replies":[{"embeddable":true,"href":"http:\/\/peix.burriana.es\/index.php\/wp-json\/wp\/v2\/comments?post=279"}],"version-history":[{"count":34,"href":"http:\/\/peix.burriana.es\/index.php\/wp-json\/wp\/v2\/pages\/279\/revisions"}],"predecessor-version":[{"id":282,"href":"http:\/\/peix.burriana.es\/index.php\/wp-json\/wp\/v2\/pages\/279\/revisions\/282"}],"wp:attachment":[{"href":"http:\/\/peix.burriana.es\/index.php\/wp-json\/wp\/v2\/media?parent=279"}],"curies":[{"name":"wp","href":"https:\/\/api.w.org\/{rel}","templated":true}]}}