{"id":224,"date":"2025-06-10T18:55:47","date_gmt":"2025-06-10T16:55:47","guid":{"rendered":"https:\/\/peix.burriana.es\/?page_id=224"},"modified":"2025-06-14T09:44:03","modified_gmt":"2025-06-14T07:44:03","slug":"las-jornadas-gastronomicas-2","status":"publish","type":"page","link":"http:\/\/peix.burriana.es\/index.php\/las-jornadas-gastronomicas-2\/","title":{"rendered":"Las Jornadas"},"content":{"rendered":"<div id=\"pl-224\"  class=\"panel-layout\" ><div id=\"pg-224-0\"  class=\"panel-grid panel-no-style\" ><div id=\"pgc-224-0-0\"  class=\"panel-grid-cell\" ><div id=\"panel-224-0-0-0\" class=\"so-panel widget widget_sow-editor panel-first-child panel-last-child\" data-index=\"0\" ><div\n\t\t\t\n\t\t\tclass=\"so-widget-sow-editor so-widget-sow-editor-base\"\n\t\t\t\n\t\t>\n<div class=\"siteorigin-widget-tinymce textwidget\">\n\t<p>Las Jornadas del Peix de Burriana son una celebraci\u00f3n gastron\u00f3mica que rinde homenaje al producto estrella de la costa local: el pescado fresco de la lonja. Durante varios d\u00edas, restaurantes y cocineros del municipio ofrecen men\u00fas especiales y degustaciones que ponen en valor la riqueza del mar y la tradici\u00f3n marinera de Burriana. Es una cita imprescindible para los amantes de la buena mesa, donde la cocina de proximidad, la creatividad y el respeto por el producto se dan la mano para ofrecer una experiencia culinaria \u00fanica junto al Mediterr\u00e1neo.<\/p>\n<p>Las Jornadas del Peix de Burriana son una iniciativa impulsada por la Asociaci\u00f3n de Hosteler\u00eda de Burriana, con el respaldo y la colaboraci\u00f3n del Ayuntamiento de la ciudad. Esta alianza entre el sector gastron\u00f3mico local y la administraci\u00f3n municipal tiene como objetivo poner en valor el producto pesquero de proximidad y dinamizar la econom\u00eda local a trav\u00e9s de la cocina, el turismo y la cultura. Gracias al esfuerzo conjunto, las jornadas se consolidan como un evento de referencia que une tradici\u00f3n, sabor y compromiso con el territorio.<\/p>\n<p>&nbsp;<\/p>\n<\/div>\n<\/div><\/div><\/div><\/div><div id=\"pg-224-1\"  class=\"panel-grid panel-no-style\" ><div id=\"pgc-224-1-0\"  class=\"panel-grid-cell\" ><div id=\"panel-224-1-0-0\" class=\"so-panel widget widget_sow-image panel-first-child panel-last-child\" data-index=\"1\" ><div\n\t\t\t\n\t\t\tclass=\"so-widget-sow-image so-widget-sow-image-default-8b5b6f678277-224\"\n\t\t\t\n\t\t>\n<div class=\"sow-image-container\">\n\t\t<img \n\tsrc=\"http:\/\/peix.burriana.es\/wp-content\/uploads\/2025\/06\/PHOTO-2025-06-14-09-25-52.jpg\" width=\"1080\" height=\"692\" srcset=\"http:\/\/peix.burriana.es\/wp-content\/uploads\/2025\/06\/PHOTO-2025-06-14-09-25-52.jpg 1080w, http:\/\/peix.burriana.es\/wp-content\/uploads\/2025\/06\/PHOTO-2025-06-14-09-25-52-300x192.jpg 300w, http:\/\/peix.burriana.es\/wp-content\/uploads\/2025\/06\/PHOTO-2025-06-14-09-25-52-1024x656.jpg 1024w, http:\/\/peix.burriana.es\/wp-content\/uploads\/2025\/06\/PHOTO-2025-06-14-09-25-52-768x492.jpg 768w\" sizes=\"(max-width: 767px) 89vw, (max-width: 1000px) 54vw, (max-width: 1071px) 543px, 580px\" alt=\"\" \t\tclass=\"so-widget-image\"\/>\n\t<\/div>\n\n<\/div><\/div><\/div><div id=\"pgc-224-1-1\"  class=\"panel-grid-cell\" ><div id=\"panel-224-1-1-0\" class=\"so-panel widget widget_sow-image panel-first-child panel-last-child\" data-index=\"2\" ><div\n\t\t\t\n\t\t\tclass=\"so-widget-sow-image so-widget-sow-image-default-8b5b6f678277-224\"\n\t\t\t\n\t\t>\n<div class=\"sow-image-container\">\n\t\t<img \n\tsrc=\"http:\/\/peix.burriana.es\/wp-content\/uploads\/2025\/06\/PHOTO-2025-06-14-09-23-40.jpg\" width=\"1080\" height=\"696\" srcset=\"http:\/\/peix.burriana.es\/wp-content\/uploads\/2025\/06\/PHOTO-2025-06-14-09-23-40.jpg 1080w, http:\/\/peix.burriana.es\/wp-content\/uploads\/2025\/06\/PHOTO-2025-06-14-09-23-40-300x193.jpg 300w, http:\/\/peix.burriana.es\/wp-content\/uploads\/2025\/06\/PHOTO-2025-06-14-09-23-40-1024x660.jpg 1024w, http:\/\/peix.burriana.es\/wp-content\/uploads\/2025\/06\/PHOTO-2025-06-14-09-23-40-768x495.jpg 768w\" sizes=\"(max-width: 767px) 89vw, (max-width: 1000px) 54vw, (max-width: 1071px) 543px, 580px\" alt=\"\" \t\tclass=\"so-widget-image\"\/>\n\t<\/div>\n\n<\/div><\/div><\/div><\/div><div id=\"pg-224-2\"  class=\"panel-grid panel-no-style\" ><div id=\"pgc-224-2-0\"  class=\"panel-grid-cell\" ><div id=\"panel-224-2-0-0\" class=\"so-panel widget widget_sow-image panel-first-child panel-last-child\" data-index=\"3\" ><div\n\t\t\t\n\t\t\tclass=\"so-widget-sow-image so-widget-sow-image-default-8b5b6f678277-224\"\n\t\t\t\n\t\t>\n<div class=\"sow-image-container\">\n\t\t<img \n\tsrc=\"http:\/\/peix.burriana.es\/wp-content\/uploads\/2025\/06\/PHOTO-2025-06-14-09-24-19.jpg\" width=\"1080\" height=\"709\" srcset=\"http:\/\/peix.burriana.es\/wp-content\/uploads\/2025\/06\/PHOTO-2025-06-14-09-24-19.jpg 1080w, http:\/\/peix.burriana.es\/wp-content\/uploads\/2025\/06\/PHOTO-2025-06-14-09-24-19-300x197.jpg 300w, http:\/\/peix.burriana.es\/wp-content\/uploads\/2025\/06\/PHOTO-2025-06-14-09-24-19-1024x672.jpg 1024w, http:\/\/peix.burriana.es\/wp-content\/uploads\/2025\/06\/PHOTO-2025-06-14-09-24-19-768x504.jpg 768w\" sizes=\"(max-width: 767px) 89vw, (max-width: 1000px) 54vw, (max-width: 1071px) 543px, 580px\" alt=\"\" \t\tclass=\"so-widget-image\"\/>\n\t<\/div>\n\n<\/div><\/div><\/div><div id=\"pgc-224-2-1\"  class=\"panel-grid-cell\" ><div id=\"panel-224-2-1-0\" class=\"so-panel widget widget_sow-image panel-first-child panel-last-child\" data-index=\"4\" ><div\n\t\t\t\n\t\t\tclass=\"so-widget-sow-image so-widget-sow-image-default-8b5b6f678277-224\"\n\t\t\t\n\t\t>\n<div class=\"sow-image-container\">\n\t\t<img \n\tsrc=\"http:\/\/peix.burriana.es\/wp-content\/uploads\/2025\/06\/PHOTO-2025-06-14-09-24-49.jpg\" width=\"1080\" height=\"727\" srcset=\"http:\/\/peix.burriana.es\/wp-content\/uploads\/2025\/06\/PHOTO-2025-06-14-09-24-49.jpg 1080w, http:\/\/peix.burriana.es\/wp-content\/uploads\/2025\/06\/PHOTO-2025-06-14-09-24-49-300x202.jpg 300w, http:\/\/peix.burriana.es\/wp-content\/uploads\/2025\/06\/PHOTO-2025-06-14-09-24-49-1024x689.jpg 1024w, http:\/\/peix.burriana.es\/wp-content\/uploads\/2025\/06\/PHOTO-2025-06-14-09-24-49-768x517.jpg 768w, http:\/\/peix.burriana.es\/wp-content\/uploads\/2025\/06\/PHOTO-2025-06-14-09-24-49-272x182.jpg 272w\" sizes=\"(max-width: 767px) 89vw, (max-width: 1000px) 54vw, (max-width: 1071px) 543px, 580px\" alt=\"\" \t\tclass=\"so-widget-image\"\/>\n\t<\/div>\n\n<\/div><\/div><\/div><\/div><div id=\"pg-224-3\"  class=\"panel-grid panel-no-style\" ><div id=\"pgc-224-3-0\"  class=\"panel-grid-cell\" ><div id=\"panel-224-3-0-0\" class=\"so-panel widget widget_media_image panel-first-child panel-last-child\" data-index=\"5\" ><img loading=\"lazy\" decoding=\"async\" width=\"2560\" height=\"1783\" src=\"http:\/\/peix.burriana.es\/wp-content\/uploads\/2025\/06\/cara-a-salva-manteles-COMPRI-scaled.jpg\" class=\"image wp-image-363  attachment-full size-full\" alt=\"\" style=\"max-width: 100%; height: auto;\" srcset=\"http:\/\/peix.burriana.es\/wp-content\/uploads\/2025\/06\/cara-a-salva-manteles-COMPRI-scaled.jpg 2560w, http:\/\/peix.burriana.es\/wp-content\/uploads\/2025\/06\/cara-a-salva-manteles-COMPRI-300x209.jpg 300w, http:\/\/peix.burriana.es\/wp-content\/uploads\/2025\/06\/cara-a-salva-manteles-COMPRI-1024x713.jpg 1024w, http:\/\/peix.burriana.es\/wp-content\/uploads\/2025\/06\/cara-a-salva-manteles-COMPRI-768x535.jpg 768w, http:\/\/peix.burriana.es\/wp-content\/uploads\/2025\/06\/cara-a-salva-manteles-COMPRI-1536x1070.jpg 1536w, http:\/\/peix.burriana.es\/wp-content\/uploads\/2025\/06\/cara-a-salva-manteles-COMPRI-2048x1426.jpg 2048w\" sizes=\"auto, 100vw\" \/><\/div><\/div><\/div><div id=\"pg-224-4\"  class=\"panel-grid panel-no-style\" ><div id=\"pgc-224-4-0\"  class=\"panel-grid-cell\" ><div id=\"panel-224-4-0-0\" class=\"so-panel widget widget_media_image panel-first-child panel-last-child\" data-index=\"6\" ><img loading=\"lazy\" decoding=\"async\" width=\"2560\" height=\"2560\" src=\"http:\/\/peix.burriana.es\/wp-content\/uploads\/2025\/06\/Post-de-Instagram-Promocio\u0301n-Ropa-Elegante-Fotogra\u0301fico-Negro-y-Blanco-scaled.jpg\" class=\"image wp-image-510  attachment-full size-full\" alt=\"\" style=\"max-width: 100%; height: auto;\" srcset=\"http:\/\/peix.burriana.es\/wp-content\/uploads\/2025\/06\/Post-de-Instagram-Promocio\u0301n-Ropa-Elegante-Fotogra\u0301fico-Negro-y-Blanco-scaled.jpg 2560w, http:\/\/peix.burriana.es\/wp-content\/uploads\/2025\/06\/Post-de-Instagram-Promocio\u0301n-Ropa-Elegante-Fotogra\u0301fico-Negro-y-Blanco-300x300.jpg 300w, http:\/\/peix.burriana.es\/wp-content\/uploads\/2025\/06\/Post-de-Instagram-Promocio\u0301n-Ropa-Elegante-Fotogra\u0301fico-Negro-y-Blanco-1024x1024.jpg 1024w, http:\/\/peix.burriana.es\/wp-content\/uploads\/2025\/06\/Post-de-Instagram-Promocio\u0301n-Ropa-Elegante-Fotogra\u0301fico-Negro-y-Blanco-150x150.jpg 150w, http:\/\/peix.burriana.es\/wp-content\/uploads\/2025\/06\/Post-de-Instagram-Promocio\u0301n-Ropa-Elegante-Fotogra\u0301fico-Negro-y-Blanco-768x768.jpg 768w, http:\/\/peix.burriana.es\/wp-content\/uploads\/2025\/06\/Post-de-Instagram-Promocio\u0301n-Ropa-Elegante-Fotogra\u0301fico-Negro-y-Blanco-1536x1536.jpg 1536w, http:\/\/peix.burriana.es\/wp-content\/uploads\/2025\/06\/Post-de-Instagram-Promocio\u0301n-Ropa-Elegante-Fotogra\u0301fico-Negro-y-Blanco-2048x2048.jpg 2048w, http:\/\/peix.burriana.es\/wp-content\/uploads\/2025\/06\/Post-de-Instagram-Promocio\u0301n-Ropa-Elegante-Fotogra\u0301fico-Negro-y-Blanco-100x100.jpg 100w\" sizes=\"auto, 100vw\" \/><\/div><\/div><\/div><div id=\"pg-224-5\"  class=\"panel-grid panel-no-style\" ><div id=\"pgc-224-5-0\"  class=\"panel-grid-cell\" ><div id=\"panel-224-5-0-0\" class=\"so-panel widget widget_sow-image panel-first-child panel-last-child\" data-index=\"7\" ><div\n\t\t\t\n\t\t\tclass=\"so-widget-sow-image so-widget-sow-image-default-8b5b6f678277-224\"\n\t\t\t\n\t\t>\n<div class=\"sow-image-container\">\n\t\t<img \n\tsrc=\"http:\/\/peix.burriana.es\/wp-content\/uploads\/2025\/06\/todos-los-logos-para-mi-amigo-pascual-mes-gran-2-linias-01-1-scaled.png\" width=\"2560\" height=\"668\" srcset=\"http:\/\/peix.burriana.es\/wp-content\/uploads\/2025\/06\/todos-los-logos-para-mi-amigo-pascual-mes-gran-2-linias-01-1-scaled.png 2560w, http:\/\/peix.burriana.es\/wp-content\/uploads\/2025\/06\/todos-los-logos-para-mi-amigo-pascual-mes-gran-2-linias-01-1-300x78.png 300w, http:\/\/peix.burriana.es\/wp-content\/uploads\/2025\/06\/todos-los-logos-para-mi-amigo-pascual-mes-gran-2-linias-01-1-1024x267.png 1024w, http:\/\/peix.burriana.es\/wp-content\/uploads\/2025\/06\/todos-los-logos-para-mi-amigo-pascual-mes-gran-2-linias-01-1-768x200.png 768w, http:\/\/peix.burriana.es\/wp-content\/uploads\/2025\/06\/todos-los-logos-para-mi-amigo-pascual-mes-gran-2-linias-01-1-1536x401.png 1536w, http:\/\/peix.burriana.es\/wp-content\/uploads\/2025\/06\/todos-los-logos-para-mi-amigo-pascual-mes-gran-2-linias-01-1-2048x534.png 2048w\" sizes=\"(max-width: 767px) 89vw, (max-width: 1000px) 54vw, (max-width: 1071px) 543px, 580px\" title=\"todos los logos para mi amigo pascual mes gran 2 linias-01\" alt=\"\" \t\tclass=\"so-widget-image\"\/>\n\t<\/div>\n\n<\/div><\/div><\/div><\/div><div id=\"pg-224-6\"  class=\"panel-grid panel-no-style\" ><div id=\"pgc-224-6-0\"  class=\"panel-grid-cell\" ><div id=\"panel-224-6-0-0\" class=\"so-panel widget widget_sow-editor panel-first-child panel-last-child\" data-index=\"8\" ><div\n\t\t\t\n\t\t\tclass=\"so-widget-sow-editor so-widget-sow-editor-base\"\n\t\t\t\n\t\t>\n<div class=\"siteorigin-widget-tinymce textwidget\">\n\t<p>Para acercar el valor del Peix de Borriana a toda la ciudadan\u00eda, se han organizado diversas actividades que combinan cultura, gastronom\u00eda y educaci\u00f3n. Entre ellas destacan las visitas tur\u00edsticas a la Lonja de Pescadores, donde se puede conocer de cerca el proceso de subasta y la labor diaria de la flota local. Tambi\u00e9n se celebran showcookings y degustaciones en el Mercado Municipal, en los que chefs locales muestran c\u00f3mo preparar este producto con t\u00e9cnicas tradicionales e innovadoras. Adem\u00e1s, los m\u00e1s peque\u00f1os participan en concursos escolares que fomentan el conocimiento del entorno marino y la importancia del consumo responsable. Un programa pensado para vivir, saborear y aprender en torno al aut\u00e9ntico sabor del mar.<\/p>\n<\/div>\n<\/div><\/div><\/div><\/div><div id=\"pg-224-7\"  class=\"panel-grid panel-no-style\" ><div id=\"pgc-224-7-0\"  class=\"panel-grid-cell\" ><div id=\"panel-224-7-0-0\" class=\"so-panel widget widget_sow-image panel-first-child panel-last-child\" data-index=\"9\" ><div\n\t\t\t\n\t\t\tclass=\"so-widget-sow-image so-widget-sow-image-default-8b5b6f678277-224\"\n\t\t\t\n\t\t>\n<div class=\"sow-image-container\">\n\t\t<img \n\tsrc=\"http:\/\/peix.burriana.es\/wp-content\/uploads\/2025\/06\/dd5fcddc-4be2-4a81-8e0b-d3ddea5eaa2c.jpg\" width=\"1600\" height=\"1200\" srcset=\"http:\/\/peix.burriana.es\/wp-content\/uploads\/2025\/06\/dd5fcddc-4be2-4a81-8e0b-d3ddea5eaa2c.jpg 1600w, http:\/\/peix.burriana.es\/wp-content\/uploads\/2025\/06\/dd5fcddc-4be2-4a81-8e0b-d3ddea5eaa2c-300x225.jpg 300w, http:\/\/peix.burriana.es\/wp-content\/uploads\/2025\/06\/dd5fcddc-4be2-4a81-8e0b-d3ddea5eaa2c-1024x768.jpg 1024w, http:\/\/peix.burriana.es\/wp-content\/uploads\/2025\/06\/dd5fcddc-4be2-4a81-8e0b-d3ddea5eaa2c-768x576.jpg 768w, http:\/\/peix.burriana.es\/wp-content\/uploads\/2025\/06\/dd5fcddc-4be2-4a81-8e0b-d3ddea5eaa2c-1536x1152.jpg 1536w\" sizes=\"(max-width: 767px) 89vw, (max-width: 1000px) 54vw, (max-width: 1071px) 543px, 580px\" alt=\"\" \t\tclass=\"so-widget-image\"\/>\n\t<\/div>\n\n<\/div><\/div><\/div><div id=\"pgc-224-7-1\"  class=\"panel-grid-cell\" ><div id=\"panel-224-7-1-0\" class=\"so-panel widget widget_sow-image panel-first-child panel-last-child\" data-index=\"10\" ><div\n\t\t\t\n\t\t\tclass=\"so-widget-sow-image so-widget-sow-image-default-8b5b6f678277-224\"\n\t\t\t\n\t\t>\n<div class=\"sow-image-container\">\n\t\t<img \n\tsrc=\"http:\/\/peix.burriana.es\/wp-content\/uploads\/2025\/06\/03df26e2-ca03-4880-911d-89f6d4a35cc8.jpg\" width=\"1600\" height=\"1200\" srcset=\"http:\/\/peix.burriana.es\/wp-content\/uploads\/2025\/06\/03df26e2-ca03-4880-911d-89f6d4a35cc8.jpg 1600w, http:\/\/peix.burriana.es\/wp-content\/uploads\/2025\/06\/03df26e2-ca03-4880-911d-89f6d4a35cc8-300x225.jpg 300w, http:\/\/peix.burriana.es\/wp-content\/uploads\/2025\/06\/03df26e2-ca03-4880-911d-89f6d4a35cc8-1024x768.jpg 1024w, http:\/\/peix.burriana.es\/wp-content\/uploads\/2025\/06\/03df26e2-ca03-4880-911d-89f6d4a35cc8-768x576.jpg 768w, http:\/\/peix.burriana.es\/wp-content\/uploads\/2025\/06\/03df26e2-ca03-4880-911d-89f6d4a35cc8-1536x1152.jpg 1536w\" sizes=\"(max-width: 767px) 89vw, (max-width: 1000px) 54vw, (max-width: 1071px) 543px, 580px\" alt=\"\" \t\tclass=\"so-widget-image\"\/>\n\t<\/div>\n\n<\/div><\/div><\/div><div id=\"pgc-224-7-2\"  class=\"panel-grid-cell\" ><div id=\"panel-224-7-2-0\" class=\"so-panel widget widget_sow-image panel-first-child panel-last-child\" data-index=\"11\" ><div\n\t\t\t\n\t\t\tclass=\"so-widget-sow-image so-widget-sow-image-default-8b5b6f678277-224\"\n\t\t\t\n\t\t>\n<div class=\"sow-image-container\">\n\t\t<img \n\tsrc=\"http:\/\/peix.burriana.es\/wp-content\/uploads\/2025\/06\/886bfe1e-0486-4d45-98b0-91037e43e63e-2.jpg\" width=\"1600\" height=\"1200\" srcset=\"http:\/\/peix.burriana.es\/wp-content\/uploads\/2025\/06\/886bfe1e-0486-4d45-98b0-91037e43e63e-2.jpg 1600w, http:\/\/peix.burriana.es\/wp-content\/uploads\/2025\/06\/886bfe1e-0486-4d45-98b0-91037e43e63e-2-300x225.jpg 300w, http:\/\/peix.burriana.es\/wp-content\/uploads\/2025\/06\/886bfe1e-0486-4d45-98b0-91037e43e63e-2-1024x768.jpg 1024w, http:\/\/peix.burriana.es\/wp-content\/uploads\/2025\/06\/886bfe1e-0486-4d45-98b0-91037e43e63e-2-768x576.jpg 768w, http:\/\/peix.burriana.es\/wp-content\/uploads\/2025\/06\/886bfe1e-0486-4d45-98b0-91037e43e63e-2-1536x1152.jpg 1536w\" sizes=\"(max-width: 767px) 89vw, (max-width: 1000px) 54vw, (max-width: 1071px) 543px, 580px\" title=\"886bfe1e-0486-4d45-98b0-91037e43e63e\" alt=\"\" \t\tclass=\"so-widget-image\"\/>\n\t<\/div>\n\n<\/div><\/div><\/div><div id=\"pgc-224-7-3\"  class=\"panel-grid-cell\" ><div id=\"panel-224-7-3-0\" class=\"so-panel widget widget_sow-image panel-first-child panel-last-child\" data-index=\"12\" ><div\n\t\t\t\n\t\t\tclass=\"so-widget-sow-image so-widget-sow-image-default-8b5b6f678277-224\"\n\t\t\t\n\t\t>\n<div class=\"sow-image-container\">\n\t\t<img \n\tsrc=\"http:\/\/peix.burriana.es\/wp-content\/uploads\/2025\/06\/805ea0c8-d9ea-49e5-a367-c07e6b0200a5.jpg\" width=\"1600\" height=\"1200\" srcset=\"http:\/\/peix.burriana.es\/wp-content\/uploads\/2025\/06\/805ea0c8-d9ea-49e5-a367-c07e6b0200a5.jpg 1600w, http:\/\/peix.burriana.es\/wp-content\/uploads\/2025\/06\/805ea0c8-d9ea-49e5-a367-c07e6b0200a5-300x225.jpg 300w, http:\/\/peix.burriana.es\/wp-content\/uploads\/2025\/06\/805ea0c8-d9ea-49e5-a367-c07e6b0200a5-1024x768.jpg 1024w, http:\/\/peix.burriana.es\/wp-content\/uploads\/2025\/06\/805ea0c8-d9ea-49e5-a367-c07e6b0200a5-768x576.jpg 768w, http:\/\/peix.burriana.es\/wp-content\/uploads\/2025\/06\/805ea0c8-d9ea-49e5-a367-c07e6b0200a5-1536x1152.jpg 1536w\" sizes=\"(max-width: 767px) 89vw, (max-width: 1000px) 54vw, (max-width: 1071px) 543px, 580px\" alt=\"\" \t\tclass=\"so-widget-image\"\/>\n\t<\/div>\n\n<\/div><\/div><\/div><\/div><\/div>","protected":false},"excerpt":{"rendered":"<p>Las Jornadas del Peix de Burriana son una celebraci\u00f3n gastron\u00f3mica que rinde homenaje al producto estrella de la costa local: el pescado fresco de la lonja. Durante varios d\u00edas, restaurantes y cocineros del municipio ofrecen men\u00fas especiales y degustaciones que ponen en valor la riqueza del mar y la tradici\u00f3n marinera de Burriana. Es una &hellip; <\/p>\n<p class=\"link-more\"><a href=\"http:\/\/peix.burriana.es\/index.php\/las-jornadas-gastronomicas-2\/\" class=\"more-link\">Continuar leyendo<span class=\"screen-reader-text\"> \u00abLas Jornadas\u00bb<\/span><\/a><\/p>\n","protected":false},"author":2,"featured_media":0,"parent":0,"menu_order":0,"comment_status":"closed","ping_status":"closed","template":"","meta":{"footnotes":""},"class_list":["post-224","page","type-page","status-publish","hentry"],"_links":{"self":[{"href":"http:\/\/peix.burriana.es\/index.php\/wp-json\/wp\/v2\/pages\/224","targetHints":{"allow":["GET"]}}],"collection":[{"href":"http:\/\/peix.burriana.es\/index.php\/wp-json\/wp\/v2\/pages"}],"about":[{"href":"http:\/\/peix.burriana.es\/index.php\/wp-json\/wp\/v2\/types\/page"}],"author":[{"embeddable":true,"href":"http:\/\/peix.burriana.es\/index.php\/wp-json\/wp\/v2\/users\/2"}],"replies":[{"embeddable":true,"href":"http:\/\/peix.burriana.es\/index.php\/wp-json\/wp\/v2\/comments?post=224"}],"version-history":[{"count":37,"href":"http:\/\/peix.burriana.es\/index.php\/wp-json\/wp\/v2\/pages\/224\/revisions"}],"predecessor-version":[{"id":272,"href":"http:\/\/peix.burriana.es\/index.php\/wp-json\/wp\/v2\/pages\/224\/revisions\/272"}],"wp:attachment":[{"href":"http:\/\/peix.burriana.es\/index.php\/wp-json\/wp\/v2\/media?parent=224"}],"curies":[{"name":"wp","href":"https:\/\/api.w.org\/{rel}","templated":true}]}}