{"id":201,"date":"2025-06-10T18:33:13","date_gmt":"2025-06-10T16:33:13","guid":{"rendered":"https:\/\/peix.burriana.es\/?page_id=201"},"modified":"2025-06-10T23:02:00","modified_gmt":"2025-06-10T21:02:00","slug":"actividades","status":"publish","type":"page","link":"http:\/\/peix.burriana.es\/index.php\/actividades\/","title":{"rendered":"Actividades"},"content":{"rendered":"<div id=\"pl-201\"  class=\"panel-layout\" ><div id=\"pg-201-0\"  class=\"panel-grid panel-no-style\" ><div id=\"pgc-201-0-0\"  class=\"panel-grid-cell\" ><div id=\"panel-201-0-0-0\" class=\"so-panel widget widget_sow-editor panel-first-child panel-last-child\" data-index=\"0\" ><div\n\t\t\t\n\t\t\tclass=\"so-widget-sow-editor so-widget-sow-editor-base\"\n\t\t\t\n\t\t>\n<div class=\"siteorigin-widget-tinymce textwidget\">\n\t<p>Para acercar el valor del Peix de Borriana a toda la ciudadan\u00eda, se han organizado diversas actividades que combinan cultura, gastronom\u00eda y educaci\u00f3n. Entre ellas destacan las visitas tur\u00edsticas a la Lonja de Pescadores, donde se puede conocer de cerca el proceso de subasta y la labor diaria de la flota local. Tambi\u00e9n se celebran showcookings y degustaciones en el Mercado Municipal, en los que chefs locales muestran c\u00f3mo preparar este producto con t\u00e9cnicas tradicionales e innovadoras. Adem\u00e1s, los m\u00e1s peque\u00f1os participan en concursos escolares que fomentan el conocimiento del entorno marino y la importancia del consumo responsable. Un programa pensado para vivir, saborear y aprender en torno al aut\u00e9ntico sabor del mar.<\/p>\n<\/div>\n<\/div><\/div><\/div><\/div><div id=\"pg-201-1\"  class=\"panel-grid panel-has-style\" ><div class=\"siteorigin-panels-stretch panel-row-style panel-row-style-for-201-1\" data-stretch-type=\"full-width-stretch\" ><div id=\"pgc-201-1-0\"  class=\"panel-grid-cell\" ><div id=\"panel-201-1-0-0\" class=\"so-panel widget widget_sow-hero panel-first-child panel-last-child\" data-index=\"1\" ><div\n\t\t\t\n\t\t\tclass=\"so-widget-sow-hero so-widget-sow-hero-default-843a859331d4-201 so-widget-fittext-wrapper\"\n\t\t\t data-fit-text-compressor=\"0.85\"\n\t\t>\t\t\t\t<div class=\"sow-slider-base\" style=\"display: none\" tabindex=\"0\">\n\t\t\t\t\t<ul\n\t\t\t\t\tclass=\"sow-slider-images\"\n\t\t\t\t\tdata-settings=\"{&quot;pagination&quot;:true,&quot;speed&quot;:799,&quot;timeout&quot;:8000,&quot;paused&quot;:false,&quot;pause_on_hover&quot;:true,&quot;swipe&quot;:true,&quot;nav_always_show_desktop&quot;:&quot;&quot;,&quot;nav_always_show_mobile&quot;:&quot;&quot;,&quot;breakpoint&quot;:&quot;780px&quot;,&quot;unmute&quot;:false,&quot;anchor&quot;:null}\"\n\t\t\t\t\tstyle=\"min-height: 860px\"\t\t\t\t\tdata-anchor-id=\"\"\n\t\t\t\t>\t\t<li class=\"sow-slider-image  sow-slider-image-cover\" style=\"visibility: visible;;background-color: #333333\" >\n\t\t\t\t\t<div class=\"sow-slider-image-container\">\n\t\t\t<div class=\"sow-slider-image-wrapper\">\n\t\t\t\t\t\t\t<\/div>\n\t\t<\/div>\n\t\t<div class=\"sow-slider-image-overlay sow-slider-image-cover\" style=\"opacity: 0.4;background-image: url(http:\/\/peix.burriana.es\/wp-content\/uploads\/2025\/06\/WhatsApp-Image-2025-06-10-at-17.23.57-1024x576.jpeg)\"  ><\/div>\t\t<\/li>\n\t\t<\/ul>\t\t\t\t<ol class=\"sow-slider-pagination\">\n\t\t\t\t\t\t\t\t\t\t\t<li><a href=\"#\" data-goto=\"0\" aria-label=\"mostrar diapositiva 1\"><\/a><\/li>\n\t\t\t\t\t\t\t\t\t<\/ol>\n\n\t\t\t\t<div class=\"sow-slide-nav sow-slide-nav-next\">\n\t\t\t\t\t<a href=\"#\" data-goto=\"next\" aria-label=\"diapositiva siguiente\" data-action=\"next\">\n\t\t\t\t\t\t<em class=\"sow-sld-icon-thin-right\"><\/em>\n\t\t\t\t\t<\/a>\n\t\t\t\t<\/div>\n\n\t\t\t\t<div class=\"sow-slide-nav sow-slide-nav-prev\">\n\t\t\t\t\t<a href=\"#\" data-goto=\"previous\" aria-label=\"diapositiva anterior\" data-action=\"prev\">\n\t\t\t\t\t\t<em class=\"sow-sld-icon-thin-left\"><\/em>\n\t\t\t\t\t<\/a>\n\t\t\t\t<\/div>\n\t\t\t\t<\/div><\/div><\/div><\/div><\/div><\/div><div id=\"pg-201-2\"  class=\"panel-grid panel-no-style\" ><div id=\"pgc-201-2-0\"  class=\"panel-grid-cell\" ><div id=\"panel-201-2-0-0\" class=\"so-panel widget widget_sow-image panel-first-child panel-last-child\" data-index=\"2\" ><div\n\t\t\t\n\t\t\tclass=\"so-widget-sow-image so-widget-sow-image-default-8b5b6f678277-201\"\n\t\t\t\n\t\t>\n<div class=\"sow-image-container\">\n\t\t<img \n\tsrc=\"http:\/\/peix.burriana.es\/wp-content\/uploads\/2025\/06\/todos-los-logos-para-mi-amigo-pascual-mes-gran-2-linias-01-1-scaled.png\" width=\"2560\" height=\"668\" srcset=\"http:\/\/peix.burriana.es\/wp-content\/uploads\/2025\/06\/todos-los-logos-para-mi-amigo-pascual-mes-gran-2-linias-01-1-scaled.png 2560w, http:\/\/peix.burriana.es\/wp-content\/uploads\/2025\/06\/todos-los-logos-para-mi-amigo-pascual-mes-gran-2-linias-01-1-300x78.png 300w, http:\/\/peix.burriana.es\/wp-content\/uploads\/2025\/06\/todos-los-logos-para-mi-amigo-pascual-mes-gran-2-linias-01-1-1024x267.png 1024w, http:\/\/peix.burriana.es\/wp-content\/uploads\/2025\/06\/todos-los-logos-para-mi-amigo-pascual-mes-gran-2-linias-01-1-768x200.png 768w, http:\/\/peix.burriana.es\/wp-content\/uploads\/2025\/06\/todos-los-logos-para-mi-amigo-pascual-mes-gran-2-linias-01-1-1536x401.png 1536w, http:\/\/peix.burriana.es\/wp-content\/uploads\/2025\/06\/todos-los-logos-para-mi-amigo-pascual-mes-gran-2-linias-01-1-2048x534.png 2048w\" sizes=\"(max-width: 767px) 89vw, (max-width: 1000px) 54vw, (max-width: 1071px) 543px, 580px\" title=\"todos los logos para mi amigo pascual mes gran 2 linias-01\" alt=\"\" \t\tclass=\"so-widget-image\"\/>\n\t<\/div>\n\n<\/div><\/div><\/div><\/div><\/div>","protected":false},"excerpt":{"rendered":"<p>Para acercar el valor del Peix de Borriana a toda la ciudadan\u00eda, se han organizado diversas actividades que combinan cultura, gastronom\u00eda y educaci\u00f3n. Entre ellas destacan las visitas tur\u00edsticas a la Lonja de Pescadores, donde se puede conocer de cerca el proceso de subasta y la labor diaria de la flota local. Tambi\u00e9n se celebran &hellip; <\/p>\n<p class=\"link-more\"><a href=\"http:\/\/peix.burriana.es\/index.php\/actividades\/\" class=\"more-link\">Continuar leyendo<span class=\"screen-reader-text\"> \u00abActividades\u00bb<\/span><\/a><\/p>\n","protected":false},"author":2,"featured_media":0,"parent":0,"menu_order":0,"comment_status":"closed","ping_status":"closed","template":"","meta":{"footnotes":""},"class_list":["post-201","page","type-page","status-publish","hentry"],"_links":{"self":[{"href":"http:\/\/peix.burriana.es\/index.php\/wp-json\/wp\/v2\/pages\/201","targetHints":{"allow":["GET"]}}],"collection":[{"href":"http:\/\/peix.burriana.es\/index.php\/wp-json\/wp\/v2\/pages"}],"about":[{"href":"http:\/\/peix.burriana.es\/index.php\/wp-json\/wp\/v2\/types\/page"}],"author":[{"embeddable":true,"href":"http:\/\/peix.burriana.es\/index.php\/wp-json\/wp\/v2\/users\/2"}],"replies":[{"embeddable":true,"href":"http:\/\/peix.burriana.es\/index.php\/wp-json\/wp\/v2\/comments?post=201"}],"version-history":[{"count":21,"href":"http:\/\/peix.burriana.es\/index.php\/wp-json\/wp\/v2\/pages\/201\/revisions"}],"predecessor-version":[{"id":204,"href":"http:\/\/peix.burriana.es\/index.php\/wp-json\/wp\/v2\/pages\/201\/revisions\/204"}],"wp:attachment":[{"href":"http:\/\/peix.burriana.es\/index.php\/wp-json\/wp\/v2\/media?parent=201"}],"curies":[{"name":"wp","href":"https:\/\/api.w.org\/{rel}","templated":true}]}}